{"id":22,"date":"2026-02-10T13:07:59","date_gmt":"2026-02-10T13:07:59","guid":{"rendered":"https:\/\/betjollygiris.net\/wordpress\/?page_id=22"},"modified":"2026-03-04T21:38:13","modified_gmt":"2026-03-04T21:38:13","slug":"betjolly-giris-linki","status":"publish","type":"page","link":"https:\/\/betjollygiris.net\/wordpress\/betjolly-giris-linki\/","title":{"rendered":"Betjolly Giri\u015f Linki"},"content":{"rendered":"<p><a href=\"https:\/\/betjollygiris.net\/\">betjolly<\/a> sundu\u011fu hizmetlerden yararlanmak i\u00e7in \u00f6nce <strong>betjolly giri\u015f linki<\/strong> \u00fczerinden hesab\u0131n\u0131z\u0131 a\u00e7man\u0131z \u00f6nemli. Bu s\u00fcre\u00e7, kullan\u0131c\u0131lar\u0131n g\u00fcvenli\u011fini sa\u011flamakla birlikte, ekstra do\u011frulama ad\u0131mlar\u0131 da i\u00e7erebilir. A\u015fa\u011f\u0131daki ad\u0131mlar\u0131 izleyerek kolayca kay\u0131t olabilirsiniz:<\/p>\n<ol>\n<li>Betjolly giri\u015f linkini t\u0131klay\u0131n.<\/li>\n<li>Kay\u0131t formunu doldurun.<\/li>\n<li>E-posta do\u011frulama ad\u0131mlar\u0131n\u0131 tamamlay\u0131n.<\/li>\n<\/ol>\n<p>Her a\u015famada dikkatli olmak, hesab\u0131n\u0131z\u0131n g\u00fcvenli\u011fi a\u00e7\u0131s\u0131ndan b\u00fcy\u00fck \u00f6neme sahiptir. Kullan\u0131c\u0131 dostu aray\u00fcz\u00fc sayesinde i\u015flemlerinizi h\u0131zl\u0131 ve pratik bir \u015fekilde ger\u00e7ekle\u015ftirebilirsiniz. Ancak, \u00e7ok fazla bilgi vermekten ka\u00e7\u0131nmal\u0131s\u0131n\u0131z, bu gizlili\u011finiz i\u00e7in \u00f6nemli.<\/p>\n<h2>Betjolly Giri\u015f Linki Avantajlar\u0131: Oyun Deneyiminizi Nas\u0131l Zenginle\u015ftirir?<\/h2>\n<p><strong>betjolly giri\u015f linki<\/strong> kullanmak, sunulan geni\u015f oyun yelpazesine eri\u015fiminizi kolayla\u015ft\u0131r\u0131rken, kullan\u0131c\u0131 dostu bir aray\u00fcz ile deneyiminizi de zenginle\u015ftirir. Bu ba\u011flant\u0131lar, \u00f6zel bonuslar ve kampanyalardan yararlanman\u0131za olanak tan\u0131rken, oyun ak\u0131\u015f\u0131n\u0131z\u0131 kesintisiz s\u00fcrd\u00fcrmenizi sa\u011flar. Ancak, her zaman g\u00fcvenilir kaynaklardan eri\u015fim sa\u011flamak \u00f6nemlidir.<\/p>\n<h2>Sonu\u00e7<\/h2>\n<p><strong>betjolly<\/strong> platformuna eri\u015fim sa\u011flamak i\u00e7in do\u011fru giri\u015f linkini bulmak olduk\u00e7a \u00f6nemlidir. Bu ba\u011flant\u0131 sayesinde kullan\u0131c\u0131 deneyiminiz daha ak\u0131c\u0131 ve sorunsuz hale gelecektir. Ancak, g\u00fcvenli\u011finizi \u00f6n planda tutarak yaln\u0131zca resmi kaynaklardan y\u00f6nlendirmelere dikkat etmelisiniz. Betjolly, sundu\u011fu \u00e7e\u015fitli imkanlarla kullan\u0131c\u0131lar\u0131 memnun etmeyi ama\u00e7l\u0131yor; bu y\u00fczden, siteye ula\u015f\u0131m i\u00e7in tercih etti\u011finiz ba\u011flant\u0131n\u0131n ge\u00e7erlili\u011fine g\u00f6z atmay\u0131 unutmay\u0131n. Sonu\u00e7 olarak, do\u011fru bilgilere ula\u015farak keyifli bir deneyim ya\u015fayabilirsiniz.<\/p>\n","protected":false},"excerpt":{"rendered":"<p>betjolly sundu\u011fu hizmetlerden yararlanmak i\u00e7in \u00f6nce betjolly giri\u015f linki \u00fczerinden hesab\u0131n\u0131z\u0131 a\u00e7man\u0131z \u00f6nemli. Bu s\u00fcre\u00e7, kullan\u0131c\u0131lar\u0131n g\u00fcvenli\u011fini sa\u011flamakla birlikte, ekstra<\/p>\n","protected":false},"author":1,"featured_media":0,"parent":0,"menu_order":0,"comment_status":"closed","ping_status":"closed","template":"","meta":{"colormag_page_layout":"default_layout","footnotes":""},"class_list":["post-22","page","type-page","status-publish","hentry"],"_links":{"self":[{"href":"https:\/\/betjollygiris.net\/wordpress\/wp-json\/wp\/v2\/pages\/22","targetHints":{"allow":["GET"]}}],"collection":[{"href":"https:\/\/betjollygiris.net\/wordpress\/wp-json\/wp\/v2\/pages"}],"about":[{"href":"https:\/\/betjollygiris.net\/wordpress\/wp-json\/wp\/v2\/types\/page"}],"author":[{"embeddable":true,"href":"https:\/\/betjollygiris.net\/wordpress\/wp-json\/wp\/v2\/users\/1"}],"replies":[{"embeddable":true,"href":"https:\/\/betjollygiris.net\/wordpress\/wp-json\/wp\/v2\/comments?post=22"}],"version-history":[{"count":3,"href":"https:\/\/betjollygiris.net\/wordpress\/wp-json\/wp\/v2\/pages\/22\/revisions"}],"predecessor-version":[{"id":56,"href":"https:\/\/betjollygiris.net\/wordpress\/wp-json\/wp\/v2\/pages\/22\/revisions\/56"}],"wp:attachment":[{"href":"https:\/\/betjollygiris.net\/wordpress\/wp-json\/wp\/v2\/media?parent=22"}],"curies":[{"name":"wp","href":"https:\/\/api.w.org\/{rel}","templated":true}]}}